{"id":2357,"date":"2023-12-25T16:05:50","date_gmt":"2023-12-25T16:05:50","guid":{"rendered":"http:\/\/intern.lazy-sound-company.de\/?page_id=2357"},"modified":"2025-09-23T14:46:09","modified_gmt":"2025-09-23T14:46:09","slug":"lazy","status":"publish","type":"page","link":"http:\/\/intern.lazy-sound-company.de\/?page_id=2357","title":{"rendered":"LAZY"},"content":{"rendered":"\n\t\t<!-- MasterSlider -->\n\t\t<div id=\"P_MS69f34a2ab131b\" class=\"master-slider-parent msl ms-parent-id-2\" style=\"\">\n\n\t\t\t\n\t\t\t<!-- MasterSlider Main -->\n\t\t\t<div id=\"MS69f34a2ab131b\" class=\"master-slider ms-skin-light-6 round-skin\" >\n\t\t\t\t \t\t\t\t \n\t\t\t\t<div  class=\"ms-slide\" data-delay=\"3\" data-fill-mode=\"fit\"  >\n\t\t\t\t\t<img decoding=\"async\" src=\"http:\/\/intern.lazy-sound-company.de\/wp-content\/plugins\/master-slider\/public\/assets\/css\/blank.gif\" alt=\"\" title=\"\" data-src=\"http:\/\/intern.lazy-sound-company.de\/wp-content\/uploads\/2023\/12\/LAZY_1920_500.jpg\" \/>\n\n\t\t\t\t\t<div class=\"ms-info ms-info-empty\">&nbsp;<\/div>\n\n\n\t<div class=\"ms-thumb\" ><div class=\"ms-tab-context\"><div class=\"&quot;ms-tab-context&quot;\"><\/div><\/div>\n<\/div>\n\t\t\t\t<\/div>\n\t\t\t\t<div  class=\"ms-slide\" data-delay=\"3\" data-fill-mode=\"fit\"  >\n\t\t\t\t\t<img decoding=\"async\" src=\"http:\/\/intern.lazy-sound-company.de\/wp-content\/plugins\/master-slider\/public\/assets\/css\/blank.gif\" alt=\"\" title=\"\" data-src=\"http:\/\/intern.lazy-sound-company.de\/wp-content\/uploads\/2024\/09\/LAZY_2024_08_1.jpg\" \/>\n\n\t\t\t\t\t<div class=\"ms-info ms-info-empty\">&nbsp;<\/div>\n\n\n\t<div class=\"ms-thumb\" ><div class=\"ms-tab-context\"><div class=\"&quot;ms-tab-context&quot;\"><\/div><\/div>\n<\/div>\n\t\t\t\t<\/div>\n\t\t\t\t<div  class=\"ms-slide\" data-delay=\"3\" data-fill-mode=\"fit\"  >\n\t\t\t\t\t<img decoding=\"async\" src=\"http:\/\/intern.lazy-sound-company.de\/wp-content\/plugins\/master-slider\/public\/assets\/css\/blank.gif\" alt=\"\" title=\"\" data-src=\"http:\/\/intern.lazy-sound-company.de\/wp-content\/uploads\/2023\/12\/LAZY_2023_12.jpg\" \/>\n\n\t\t\t\t\t<div class=\"ms-info ms-info-empty\">&nbsp;<\/div>\n\n\n\t<div class=\"ms-thumb\" ><div class=\"ms-tab-context\"><div class=\"&quot;ms-tab-context&quot;\"><\/div><\/div>\n<\/div>\n\t\t\t\t<\/div>\n\t\t\t\t<div  class=\"ms-slide\" data-delay=\"3\" data-fill-mode=\"fit\"  >\n\t\t\t\t\t<img decoding=\"async\" src=\"http:\/\/intern.lazy-sound-company.de\/wp-content\/plugins\/master-slider\/public\/assets\/css\/blank.gif\" alt=\"\" title=\"\" data-src=\"http:\/\/intern.lazy-sound-company.de\/wp-content\/uploads\/2025\/03\/cropped-DSCF2175_2.jpg\" \/>\n\n\t\t\t\t\t<div class=\"ms-info ms-info-empty\">&nbsp;<\/div>\n\n\n\t<div class=\"ms-thumb\" ><div class=\"ms-tab-context\"><div class=\"&quot;ms-tab-context&quot;\"><\/div><\/div>\n<\/div>\n\t\t\t\t<\/div>\n\t\t\t\t<div  class=\"ms-slide\" data-delay=\"3\" data-fill-mode=\"fit\"  >\n\t\t\t\t\t<img decoding=\"async\" src=\"http:\/\/intern.lazy-sound-company.de\/wp-content\/plugins\/master-slider\/public\/assets\/css\/blank.gif\" alt=\"\" title=\"\" data-src=\"http:\/\/intern.lazy-sound-company.de\/wp-content\/uploads\/2025\/09\/UFUK_600.jpg\" \/>\n\n\t\t\t\t\t<div class=\"ms-info\"><p class=\"has-text-align-left has-contrast-color has-text-color\"><span style=\"color: #00ffff;\"><strong>UFUK<\/strong><\/span><\/p><p class=\"has-text-align-left has-contrast-color has-text-color\"><span style=\"color: #00ffff;\"><strong>\u201eThe Voice\u201c<\/strong>, ist bei den LAZY Musikern an den Stimmb\u00e4ndern zu finden . Die Reinkarnation von ELVIS und MICHAEL und ein Schwabe mit t\u00fcrkischen Wurzeln. Der Mann ist auf mehreren B\u00fchnen zu Hause und ein\u00a0Beispiel daf\u00fcr, dass Musik zu Integration beitr\u00e4gt<\/span><\/p><\/div>\n\n\n\t<div class=\"ms-thumb\" ><div class=\"ms-tab-context\"><div class=\"&quot;ms-tab-context&quot;\"><\/div><\/div>\n<\/div>\n\t\t\t\t<\/div>\n\t\t\t\t<div  class=\"ms-slide\" data-delay=\"3\" data-fill-mode=\"fit\"  >\n\t\t\t\t\t<img decoding=\"async\" src=\"http:\/\/intern.lazy-sound-company.de\/wp-content\/plugins\/master-slider\/public\/assets\/css\/blank.gif\" alt=\"\" title=\"\" data-src=\"http:\/\/intern.lazy-sound-company.de\/wp-content\/uploads\/2025\/09\/Doro_Ralph_UFUK.jpg\" \/>\n\n\t\t\t\t\t<div class=\"ms-info ms-info-empty\">&nbsp;<\/div>\n\n\n\t<div class=\"ms-thumb\" ><div class=\"ms-tab-context\"><div class=\"&quot;ms-tab-context&quot;\"><\/div><\/div>\n<\/div>\n\t\t\t\t<\/div>\n\t\t\t\t<div  class=\"ms-slide\" data-delay=\"3\" data-fill-mode=\"fit\"  >\n\t\t\t\t\t<img decoding=\"async\" src=\"http:\/\/intern.lazy-sound-company.de\/wp-content\/plugins\/master-slider\/public\/assets\/css\/blank.gif\" alt=\"\" title=\"\" data-src=\"http:\/\/intern.lazy-sound-company.de\/wp-content\/uploads\/2025\/09\/Lothar_600_1.jpg\" \/>\n\n\t\t\t\t\t<div class=\"ms-info ms-info-empty\">&nbsp;<\/div>\n\n\n\t<div class=\"ms-thumb\" ><div class=\"ms-tab-context\"><div class=\"&quot;ms-tab-context&quot;\"><\/div><\/div>\n<\/div>\n\t\t\t\t<\/div>\n\t\t\t\t<div  class=\"ms-slide\" data-delay=\"3\" data-fill-mode=\"fit\"  >\n\t\t\t\t\t<img decoding=\"async\" src=\"http:\/\/intern.lazy-sound-company.de\/wp-content\/plugins\/master-slider\/public\/assets\/css\/blank.gif\" alt=\"\" title=\"\" data-src=\"http:\/\/intern.lazy-sound-company.de\/wp-content\/uploads\/2025\/09\/Micha_600_1.jpg\" \/>\n\n\t\t\t\t\t<div class=\"ms-info ms-info-empty\">&nbsp;<\/div>\n\n\n\t<div class=\"ms-thumb\" ><div class=\"ms-tab-context\"><div class=\"&quot;ms-tab-context&quot;\"><\/div><\/div>\n<\/div>\n\t\t\t\t<\/div>\n\t\t\t\t<div  class=\"ms-slide\" data-delay=\"3\" data-fill-mode=\"fit\"  >\n\t\t\t\t\t<img decoding=\"async\" src=\"http:\/\/intern.lazy-sound-company.de\/wp-content\/plugins\/master-slider\/public\/assets\/css\/blank.gif\" alt=\"\" title=\"\" data-src=\"http:\/\/intern.lazy-sound-company.de\/wp-content\/uploads\/2025\/09\/Ralph_600_1.jpg\" \/>\n\n\t\t\t\t\t<div class=\"ms-info ms-info-empty\">&nbsp;<\/div>\n\n\n\t<div class=\"ms-thumb\" ><div class=\"ms-tab-context\"><div class=\"&quot;ms-tab-context&quot;\"><\/div><\/div>\n<\/div>\n\t\t\t\t<\/div>\n\t\t\t\t<div  class=\"ms-slide\" data-delay=\"3\" data-fill-mode=\"fit\"  >\n\t\t\t\t\t<img decoding=\"async\" src=\"http:\/\/intern.lazy-sound-company.de\/wp-content\/plugins\/master-slider\/public\/assets\/css\/blank.gif\" alt=\"\" title=\"\" data-src=\"http:\/\/intern.lazy-sound-company.de\/wp-content\/uploads\/2025\/09\/Charly_600_1.jpg\" \/>\n\n\t\t\t\t\t<div class=\"ms-info ms-info-empty\">&nbsp;<\/div>\n\n\n\t<div class=\"ms-thumb\" ><div class=\"ms-tab-context\"><div class=\"&quot;ms-tab-context&quot;\"><\/div><\/div>\n<\/div>\n\t\t\t\t<\/div>\n\t\t\t\t<div  class=\"ms-slide\" data-delay=\"3\" data-fill-mode=\"fit\"  >\n\t\t\t\t\t<img decoding=\"async\" src=\"http:\/\/intern.lazy-sound-company.de\/wp-content\/plugins\/master-slider\/public\/assets\/css\/blank.gif\" alt=\"\" title=\"\" data-src=\"http:\/\/intern.lazy-sound-company.de\/wp-content\/uploads\/2025\/09\/DORO_600_1.jpg\" \/>\n\n\t\t\t\t\t<div class=\"ms-info ms-info-empty\">&nbsp;<\/div>\n\n\n\t<div class=\"ms-thumb\" ><div class=\"ms-tab-context\"><div class=\"&quot;ms-tab-context&quot;\"><\/div><\/div>\n<\/div>\n\t\t\t\t<\/div>\n\n\t\t\t<\/div>\n\t\t\t<!-- END MasterSlider Main -->\n\n\t\t\t \n\t\t<\/div>\n\t\t<!-- END MasterSlider -->\n\n\t\t<script>\n\t\t(function ( $ ) {\n\t\t\t\"use strict\";\n\n\t\t\t$(function () {\n\t\t\t\tvar masterslider_131b = new MasterSlider();\n\n\t\t\t\t\/\/ slider controls\n\t\t\t\tmasterslider_131b.control('arrows'     ,{ autohide:false, overVideo:true  });\t\t\t\tmasterslider_131b.control('bullets'    ,{ autohide:false, overVideo:true, dir:'h', align:'bottom' , margin:10  });\n\n\t\t\t\tmasterslider_131b.control('scrollbar'  ,{ autohide:true, overVideo:true, dir:'h', inset:true, align:'top', color:'#404040' , margin:10  , width:4 });\n\t\t\t\tmasterslider_131b.control('slideinfo'  ,{ autohide:false, overVideo:true, dir:'h', align:'bottom',inset:false , margin:10   });\n\t\t\t\t\/\/ slider setup\n\t\t\t\tmasterslider_131b.setup(\"MS69f34a2ab131b\", {\n\t\t\t\t\t\twidth           : 1200,\n\t\t\t\t\t\theight          : 500,\n\t\t\t\t\t\tminHeight       : 0,\n\t\t\t\t\t\tspace           : 0,\n\t\t\t\t\t\tstart           : 1,\n\t\t\t\t\t\tgrabCursor      : true,\n\t\t\t\t\t\tswipe           : true,\n\t\t\t\t\t\tmouse           : true,\n\t\t\t\t\t\tlayout          : \"fullwidth\",\n\t\t\t\t\t\twheel           : false,\n\t\t\t\t\t\tautoplay        : true,\n\t\t\t\t\t\tinstantStartLayers:false,\n\t\t\t\t\t\tloop            : false,\n\t\t\t\t\t\tshuffle         : false,\n\t\t\t\t\t\tpreload         : 0,\n\t\t\t\t\t\theightLimit     : true,\n\t\t\t\t\t\tautoHeight      : false,\n\t\t\t\t\t\tsmoothHeight    : true,\n\t\t\t\t\t\tendPause        : false,\n\t\t\t\t\t\toverPause       : true,\n\t\t\t\t\t\tfillMode        : \"fill\",\n\t\t\t\t\t\tcenterControls  : false,\n\t\t\t\t\t\tstartOnAppear   : false,\n\t\t\t\t\t\tlayersMode      : \"center\",\n\t\t\t\t\t\thideLayers      : false,\n\t\t\t\t\t\tfullscreenMargin: 0,\n\t\t\t\t\t\tspeed           : 20,\n\t\t\t\t\t\tdir             : \"h\",\n\t\t\t\t\t\tparallaxMode    : 'swipe',\n\t\t\t\t\t\tview            : \"basic\"\n\t\t\t\t});\n\n\t\t\t\t\n\t\t\t\twindow.masterslider_instances = window.masterslider_instances || [];\n\t\t\t\twindow.masterslider_instances.push( masterslider_131b );\n\t\t\t });\n\n\t\t})(jQuery);\n\t\t<\/script>\n\n\n\n\n\n<p><strong>Rock, Pop, Funk &amp; Soul aus Baden W\u00fcrttemberg<\/strong><\/p>\n\n\n\n<p><strong>LAZY SOUND COMPANY \u2013 Echte Live-Musik, die begeistert!<\/strong><\/p>\n\n\n\n<p>Die&nbsp;<strong>LAZY SOUND COMPANY<\/strong>&nbsp;steht f\u00fcr handgemachte Musik voller Leidenschaft und Energie. Die Band aus Baden-W\u00fcrttemberg bringt mitrei\u00dfende Kl\u00e4nge aus Rock, Pop, Funk, Blues und Soul auf die B\u00fchne \u2013 ohne digitale Effekte, 100 % live und authentisch. Jeder Ton wird mit Herzblut gespielt, jede Performance ist ein Unikat.<\/p>\n\n\n\n<p>Durch die sorgf\u00e4ltige Songauswahl, die Klassiker und \u00dcberraschungen aus verschiedenen Musikgenres kombiniert, entsteht eine Atmosph\u00e4re, die das Publikum mitrei\u00dft. Ob auf kleinen oder gro\u00dfen B\u00fchnen, die LAZY SOUND COMPANY schafft es, die Zuh\u00f6rer zum Mitsingen, Tanzen und Feiern zu animieren. N\u00e4he zum Publikum ist dabei ein Markenzeichen der Band: Es ist keine Seltenheit, dass der S\u00e4nger oder die Saxophonistin sich direkt unter die G\u00e4ste mischen, um den Funken \u00fcberspringen zu lassen.<\/p>\n\n\n\n<p>Egal ob Club, Stadtfest oder gro\u00dfe B\u00fchne \u2013 die LAZY SOUND COMPANY sorgt mit professionellem Equipment f\u00fcr perfekten Sound auf kleinen bis mittleren Veranstaltungen. Die Spielfreude der Band, kombiniert mit ihrem K\u00f6nnen, macht jedes Event zu einem unvergesslichen Erlebnis.<\/p>\n\n\n\n<p><strong>LAZY SOUND COMPANY \u2013 f\u00fcr Musik, die verbindet und bewegt.<\/strong><\/p>\n\n\n\n<p><strong>F\u00fcr Beschallungen auf kleinen bis mittleren Events, sind wir mit unserem eigenen Equipment f\u00fcr alle Gelegenheiten bestens ger\u00fcstet. Wir bieten Ihnen Alles zu fairen Konditionen!<\/strong><\/p>\n\n\n\n<p>Wir w\u00fcrden&nbsp;uns \u00fcber Ihre&nbsp;Anfrage per&nbsp;<a href=\"mailto:info@lazy-sound-company.de\">E-Mail<\/a>&nbsp;sehr freuen. Sie erhalten von uns&nbsp;zeitnah alle&nbsp;Informationen zugesandt.<\/p>\n\n\n\n<p><\/p>\n","protected":false},"excerpt":{"rendered":"<p>Rock, Pop, Funk &amp; Soul aus Baden W\u00fcrttemberg LAZY SOUND COMPANY \u2013 Echte Live-Musik, die begeistert! Die&nbsp;LAZY SOUND COMPANY&nbsp;steht f\u00fcr handgemachte Musik voller Leidenschaft und Energie. Die Band aus Baden-W\u00fcrttemberg bringt mitrei\u00dfende Kl\u00e4nge aus Rock, Pop, Funk, Blues und Soul auf die B\u00fchne \u2013 ohne digitale Effekte, 100 % live und authentisch. Jeder Ton wird [&hellip;]<\/p>\n","protected":false},"author":1,"featured_media":0,"parent":0,"menu_order":0,"comment_status":"closed","ping_status":"closed","template":"","meta":{"footnotes":""},"class_list":["post-2357","page","type-page","status-publish","hentry"],"_links":{"self":[{"href":"http:\/\/intern.lazy-sound-company.de\/index.php?rest_route=\/wp\/v2\/pages\/2357","targetHints":{"allow":["GET"]}}],"collection":[{"href":"http:\/\/intern.lazy-sound-company.de\/index.php?rest_route=\/wp\/v2\/pages"}],"about":[{"href":"http:\/\/intern.lazy-sound-company.de\/index.php?rest_route=\/wp\/v2\/types\/page"}],"author":[{"embeddable":true,"href":"http:\/\/intern.lazy-sound-company.de\/index.php?rest_route=\/wp\/v2\/users\/1"}],"replies":[{"embeddable":true,"href":"http:\/\/intern.lazy-sound-company.de\/index.php?rest_route=%2Fwp%2Fv2%2Fcomments&post=2357"}],"version-history":[{"count":30,"href":"http:\/\/intern.lazy-sound-company.de\/index.php?rest_route=\/wp\/v2\/pages\/2357\/revisions"}],"predecessor-version":[{"id":2938,"href":"http:\/\/intern.lazy-sound-company.de\/index.php?rest_route=\/wp\/v2\/pages\/2357\/revisions\/2938"}],"wp:attachment":[{"href":"http:\/\/intern.lazy-sound-company.de\/index.php?rest_route=%2Fwp%2Fv2%2Fmedia&parent=2357"}],"curies":[{"name":"wp","href":"https:\/\/api.w.org\/{rel}","templated":true}]}}