{"id":278,"date":"2019-08-23T15:59:59","date_gmt":"2019-08-23T15:59:59","guid":{"rendered":"http:\/\/intern.lazy-sound-company.de\/?page_id=278"},"modified":"2025-09-23T14:48:31","modified_gmt":"2025-09-23T14:48:31","slug":"setliste","status":"publish","type":"page","link":"http:\/\/intern.lazy-sound-company.de\/?page_id=278","title":{"rendered":"SONGLISTE"},"content":{"rendered":"\n\t\t<!-- MasterSlider -->\n\t\t<div id=\"P_MS69f34acaf0779\" class=\"master-slider-parent msl ms-parent-id-2\" style=\"\">\n\n\t\t\t\n\t\t\t<!-- MasterSlider Main -->\n\t\t\t<div id=\"MS69f34acaf0779\" class=\"master-slider ms-skin-light-6 round-skin\" >\n\t\t\t\t \t\t\t\t \n\t\t\t\t<div  class=\"ms-slide\" data-delay=\"3\" data-fill-mode=\"fit\"  >\n\t\t\t\t\t<img decoding=\"async\" src=\"http:\/\/intern.lazy-sound-company.de\/wp-content\/plugins\/master-slider\/public\/assets\/css\/blank.gif\" alt=\"\" title=\"\" data-src=\"http:\/\/intern.lazy-sound-company.de\/wp-content\/uploads\/2023\/12\/LAZY_1920_500.jpg\" \/>\n\n\t\t\t\t\t<div class=\"ms-info ms-info-empty\">&nbsp;<\/div>\n\n\n\t<div class=\"ms-thumb\" ><div class=\"ms-tab-context\"><div class=\"&quot;ms-tab-context&quot;\"><\/div><\/div>\n<\/div>\n\t\t\t\t<\/div>\n\t\t\t\t<div  class=\"ms-slide\" data-delay=\"3\" data-fill-mode=\"fit\"  >\n\t\t\t\t\t<img decoding=\"async\" src=\"http:\/\/intern.lazy-sound-company.de\/wp-content\/plugins\/master-slider\/public\/assets\/css\/blank.gif\" alt=\"\" title=\"\" data-src=\"http:\/\/intern.lazy-sound-company.de\/wp-content\/uploads\/2024\/09\/LAZY_2024_08_1.jpg\" \/>\n\n\t\t\t\t\t<div class=\"ms-info ms-info-empty\">&nbsp;<\/div>\n\n\n\t<div class=\"ms-thumb\" ><div class=\"ms-tab-context\"><div class=\"&quot;ms-tab-context&quot;\"><\/div><\/div>\n<\/div>\n\t\t\t\t<\/div>\n\t\t\t\t<div  class=\"ms-slide\" data-delay=\"3\" data-fill-mode=\"fit\"  >\n\t\t\t\t\t<img decoding=\"async\" src=\"http:\/\/intern.lazy-sound-company.de\/wp-content\/plugins\/master-slider\/public\/assets\/css\/blank.gif\" alt=\"\" title=\"\" data-src=\"http:\/\/intern.lazy-sound-company.de\/wp-content\/uploads\/2023\/12\/LAZY_2023_12.jpg\" \/>\n\n\t\t\t\t\t<div class=\"ms-info ms-info-empty\">&nbsp;<\/div>\n\n\n\t<div class=\"ms-thumb\" ><div class=\"ms-tab-context\"><div class=\"&quot;ms-tab-context&quot;\"><\/div><\/div>\n<\/div>\n\t\t\t\t<\/div>\n\t\t\t\t<div  class=\"ms-slide\" data-delay=\"3\" data-fill-mode=\"fit\"  >\n\t\t\t\t\t<img decoding=\"async\" src=\"http:\/\/intern.lazy-sound-company.de\/wp-content\/plugins\/master-slider\/public\/assets\/css\/blank.gif\" alt=\"\" title=\"\" data-src=\"http:\/\/intern.lazy-sound-company.de\/wp-content\/uploads\/2025\/03\/cropped-DSCF2175_2.jpg\" \/>\n\n\t\t\t\t\t<div class=\"ms-info ms-info-empty\">&nbsp;<\/div>\n\n\n\t<div class=\"ms-thumb\" ><div class=\"ms-tab-context\"><div class=\"&quot;ms-tab-context&quot;\"><\/div><\/div>\n<\/div>\n\t\t\t\t<\/div>\n\t\t\t\t<div  class=\"ms-slide\" data-delay=\"3\" data-fill-mode=\"fit\"  >\n\t\t\t\t\t<img decoding=\"async\" src=\"http:\/\/intern.lazy-sound-company.de\/wp-content\/plugins\/master-slider\/public\/assets\/css\/blank.gif\" alt=\"\" title=\"\" data-src=\"http:\/\/intern.lazy-sound-company.de\/wp-content\/uploads\/2025\/09\/UFUK_600.jpg\" \/>\n\n\t\t\t\t\t<div class=\"ms-info\"><p class=\"has-text-align-left has-contrast-color has-text-color\"><span style=\"color: #00ffff;\"><strong>UFUK<\/strong><\/span><\/p><p class=\"has-text-align-left has-contrast-color has-text-color\"><span style=\"color: #00ffff;\"><strong>\u201eThe Voice\u201c<\/strong>, ist bei den LAZY Musikern an den Stimmb\u00e4ndern zu finden . Die Reinkarnation von ELVIS und MICHAEL und ein Schwabe mit t\u00fcrkischen Wurzeln. Der Mann ist auf mehreren B\u00fchnen zu Hause und ein\u00a0Beispiel daf\u00fcr, dass Musik zu Integration beitr\u00e4gt<\/span><\/p><\/div>\n\n\n\t<div class=\"ms-thumb\" ><div class=\"ms-tab-context\"><div class=\"&quot;ms-tab-context&quot;\"><\/div><\/div>\n<\/div>\n\t\t\t\t<\/div>\n\t\t\t\t<div  class=\"ms-slide\" data-delay=\"3\" data-fill-mode=\"fit\"  >\n\t\t\t\t\t<img decoding=\"async\" src=\"http:\/\/intern.lazy-sound-company.de\/wp-content\/plugins\/master-slider\/public\/assets\/css\/blank.gif\" alt=\"\" title=\"\" data-src=\"http:\/\/intern.lazy-sound-company.de\/wp-content\/uploads\/2025\/09\/Doro_Ralph_UFUK.jpg\" \/>\n\n\t\t\t\t\t<div class=\"ms-info ms-info-empty\">&nbsp;<\/div>\n\n\n\t<div class=\"ms-thumb\" ><div class=\"ms-tab-context\"><div class=\"&quot;ms-tab-context&quot;\"><\/div><\/div>\n<\/div>\n\t\t\t\t<\/div>\n\t\t\t\t<div  class=\"ms-slide\" data-delay=\"3\" data-fill-mode=\"fit\"  >\n\t\t\t\t\t<img decoding=\"async\" src=\"http:\/\/intern.lazy-sound-company.de\/wp-content\/plugins\/master-slider\/public\/assets\/css\/blank.gif\" alt=\"\" title=\"\" data-src=\"http:\/\/intern.lazy-sound-company.de\/wp-content\/uploads\/2025\/09\/Lothar_600_1.jpg\" \/>\n\n\t\t\t\t\t<div class=\"ms-info ms-info-empty\">&nbsp;<\/div>\n\n\n\t<div class=\"ms-thumb\" ><div class=\"ms-tab-context\"><div class=\"&quot;ms-tab-context&quot;\"><\/div><\/div>\n<\/div>\n\t\t\t\t<\/div>\n\t\t\t\t<div  class=\"ms-slide\" data-delay=\"3\" data-fill-mode=\"fit\"  >\n\t\t\t\t\t<img decoding=\"async\" src=\"http:\/\/intern.lazy-sound-company.de\/wp-content\/plugins\/master-slider\/public\/assets\/css\/blank.gif\" alt=\"\" title=\"\" data-src=\"http:\/\/intern.lazy-sound-company.de\/wp-content\/uploads\/2025\/09\/Micha_600_1.jpg\" \/>\n\n\t\t\t\t\t<div class=\"ms-info ms-info-empty\">&nbsp;<\/div>\n\n\n\t<div class=\"ms-thumb\" ><div class=\"ms-tab-context\"><div class=\"&quot;ms-tab-context&quot;\"><\/div><\/div>\n<\/div>\n\t\t\t\t<\/div>\n\t\t\t\t<div  class=\"ms-slide\" data-delay=\"3\" data-fill-mode=\"fit\"  >\n\t\t\t\t\t<img decoding=\"async\" src=\"http:\/\/intern.lazy-sound-company.de\/wp-content\/plugins\/master-slider\/public\/assets\/css\/blank.gif\" alt=\"\" title=\"\" data-src=\"http:\/\/intern.lazy-sound-company.de\/wp-content\/uploads\/2025\/09\/Ralph_600_1.jpg\" \/>\n\n\t\t\t\t\t<div class=\"ms-info ms-info-empty\">&nbsp;<\/div>\n\n\n\t<div class=\"ms-thumb\" ><div class=\"ms-tab-context\"><div class=\"&quot;ms-tab-context&quot;\"><\/div><\/div>\n<\/div>\n\t\t\t\t<\/div>\n\t\t\t\t<div  class=\"ms-slide\" data-delay=\"3\" data-fill-mode=\"fit\"  >\n\t\t\t\t\t<img decoding=\"async\" src=\"http:\/\/intern.lazy-sound-company.de\/wp-content\/plugins\/master-slider\/public\/assets\/css\/blank.gif\" alt=\"\" title=\"\" data-src=\"http:\/\/intern.lazy-sound-company.de\/wp-content\/uploads\/2025\/09\/Charly_600_1.jpg\" \/>\n\n\t\t\t\t\t<div class=\"ms-info ms-info-empty\">&nbsp;<\/div>\n\n\n\t<div class=\"ms-thumb\" ><div class=\"ms-tab-context\"><div class=\"&quot;ms-tab-context&quot;\"><\/div><\/div>\n<\/div>\n\t\t\t\t<\/div>\n\t\t\t\t<div  class=\"ms-slide\" data-delay=\"3\" data-fill-mode=\"fit\"  >\n\t\t\t\t\t<img decoding=\"async\" src=\"http:\/\/intern.lazy-sound-company.de\/wp-content\/plugins\/master-slider\/public\/assets\/css\/blank.gif\" alt=\"\" title=\"\" data-src=\"http:\/\/intern.lazy-sound-company.de\/wp-content\/uploads\/2025\/09\/DORO_600_1.jpg\" \/>\n\n\t\t\t\t\t<div class=\"ms-info ms-info-empty\">&nbsp;<\/div>\n\n\n\t<div class=\"ms-thumb\" ><div class=\"ms-tab-context\"><div class=\"&quot;ms-tab-context&quot;\"><\/div><\/div>\n<\/div>\n\t\t\t\t<\/div>\n\n\t\t\t<\/div>\n\t\t\t<!-- END MasterSlider Main -->\n\n\t\t\t \n\t\t<\/div>\n\t\t<!-- END MasterSlider -->\n\n\t\t<script>\n\t\t(function ( $ ) {\n\t\t\t\"use strict\";\n\n\t\t\t$(function () {\n\t\t\t\tvar masterslider_0779 = new MasterSlider();\n\n\t\t\t\t\/\/ slider controls\n\t\t\t\tmasterslider_0779.control('arrows'     ,{ autohide:false, overVideo:true  });\t\t\t\tmasterslider_0779.control('bullets'    ,{ autohide:false, overVideo:true, dir:'h', align:'bottom' , margin:10  });\n\n\t\t\t\tmasterslider_0779.control('scrollbar'  ,{ autohide:true, overVideo:true, dir:'h', inset:true, align:'top', color:'#404040' , margin:10  , width:4 });\n\t\t\t\tmasterslider_0779.control('slideinfo'  ,{ autohide:false, overVideo:true, dir:'h', align:'bottom',inset:false , margin:10   });\n\t\t\t\t\/\/ slider setup\n\t\t\t\tmasterslider_0779.setup(\"MS69f34acaf0779\", {\n\t\t\t\t\t\twidth           : 1200,\n\t\t\t\t\t\theight          : 500,\n\t\t\t\t\t\tminHeight       : 0,\n\t\t\t\t\t\tspace           : 0,\n\t\t\t\t\t\tstart           : 1,\n\t\t\t\t\t\tgrabCursor      : true,\n\t\t\t\t\t\tswipe           : true,\n\t\t\t\t\t\tmouse           : true,\n\t\t\t\t\t\tlayout          : \"fullwidth\",\n\t\t\t\t\t\twheel           : false,\n\t\t\t\t\t\tautoplay        : true,\n\t\t\t\t\t\tinstantStartLayers:false,\n\t\t\t\t\t\tloop            : false,\n\t\t\t\t\t\tshuffle         : false,\n\t\t\t\t\t\tpreload         : 0,\n\t\t\t\t\t\theightLimit     : true,\n\t\t\t\t\t\tautoHeight      : false,\n\t\t\t\t\t\tsmoothHeight    : true,\n\t\t\t\t\t\tendPause        : false,\n\t\t\t\t\t\toverPause       : true,\n\t\t\t\t\t\tfillMode        : \"fill\",\n\t\t\t\t\t\tcenterControls  : false,\n\t\t\t\t\t\tstartOnAppear   : false,\n\t\t\t\t\t\tlayersMode      : \"center\",\n\t\t\t\t\t\thideLayers      : false,\n\t\t\t\t\t\tfullscreenMargin: 0,\n\t\t\t\t\t\tspeed           : 20,\n\t\t\t\t\t\tdir             : \"h\",\n\t\t\t\t\t\tparallaxMode    : 'swipe',\n\t\t\t\t\t\tview            : \"basic\"\n\t\t\t\t});\n\n\t\t\t\t\n\t\t\t\twindow.masterslider_instances = window.masterslider_instances || [];\n\t\t\t\twindow.masterslider_instances.push( masterslider_0779 );\n\t\t\t });\n\n\t\t})(jQuery);\n\t\t<\/script>\n\n\n\n\n\n<div class=\"wp-block-group is-vertical is-layout-flex wp-container-core-group-is-layout-fe9cc265 wp-block-group-is-layout-flex\">\n<h2 class=\"wp-block-heading has-large-font-size\">Alle Songs<\/h2>\n\n\n<ul style=\"background-color:#fadbbb;\" class=\"wp-block-latest-posts__list has-link-color alignwide wp-elements-c79537d274e967c5944ed5806245f4be wp-block-latest-posts has-text-color has-contrast-color has-background\"><li><a class=\"wp-block-latest-posts__post-title\" href=\"http:\/\/intern.lazy-sound-company.de\/?p=601\">01 Where did i go wrong<\/a><\/li>\n<li><a class=\"wp-block-latest-posts__post-title\" href=\"http:\/\/intern.lazy-sound-company.de\/?p=1558\">02 Silent runnig<\/a><\/li>\n<li><a class=\"wp-block-latest-posts__post-title\" href=\"http:\/\/intern.lazy-sound-company.de\/?p=1198\">03 Ain\u00b4t no love in heart of the city<\/a><\/li>\n<li><a class=\"wp-block-latest-posts__post-title\" href=\"http:\/\/intern.lazy-sound-company.de\/?p=324\">04 Black magic woman<\/a><\/li>\n<li><a class=\"wp-block-latest-posts__post-title\" href=\"http:\/\/intern.lazy-sound-company.de\/?p=330\">05 Evil ways<\/a><\/li>\n<li><a class=\"wp-block-latest-posts__post-title\" href=\"http:\/\/intern.lazy-sound-company.de\/?p=355\">06 Baker Street<\/a><\/li>\n<li><a class=\"wp-block-latest-posts__post-title\" href=\"http:\/\/intern.lazy-sound-company.de\/?p=404\">07 Dancing in the moonlight<\/a><\/li>\n<li><a class=\"wp-block-latest-posts__post-title\" href=\"http:\/\/intern.lazy-sound-company.de\/?p=412\">08 Why did You do it<\/a><\/li>\n<li><a class=\"wp-block-latest-posts__post-title\" href=\"http:\/\/intern.lazy-sound-company.de\/?p=496\">09 Angels<\/a><\/li>\n<li><a class=\"wp-block-latest-posts__post-title\" href=\"http:\/\/intern.lazy-sound-company.de\/?p=524\">10 Fresh<\/a><\/li>\n<li><a class=\"wp-block-latest-posts__post-title\" href=\"http:\/\/intern.lazy-sound-company.de\/?p=501\">11 Lilly was here<\/a><\/li>\n<li><a class=\"wp-block-latest-posts__post-title\" href=\"http:\/\/intern.lazy-sound-company.de\/?p=369\">12 Miss You<\/a><\/li>\n<li><a class=\"wp-block-latest-posts__post-title\" href=\"http:\/\/intern.lazy-sound-company.de\/?p=410\">13 Word up<\/a><\/li>\n<li><a class=\"wp-block-latest-posts__post-title\" href=\"http:\/\/intern.lazy-sound-company.de\/?p=365\">14 Ain\u00b4t no sunshine<\/a><\/li>\n<li><a class=\"wp-block-latest-posts__post-title\" href=\"http:\/\/intern.lazy-sound-company.de\/?p=663\">15 Just two of us<\/a><\/li>\n<li><a class=\"wp-block-latest-posts__post-title\" href=\"http:\/\/intern.lazy-sound-company.de\/?p=1460\">16 Something got me started<\/a><\/li>\n<li><a class=\"wp-block-latest-posts__post-title\" href=\"http:\/\/intern.lazy-sound-company.de\/?p=416\">17 Unchain my heart<\/a><\/li>\n<li><a class=\"wp-block-latest-posts__post-title\" href=\"http:\/\/intern.lazy-sound-company.de\/?p=1379\">18 Sitting on a dock of a bay<\/a><\/li>\n<li><a class=\"wp-block-latest-posts__post-title\" href=\"http:\/\/intern.lazy-sound-company.de\/?p=1147\">19 Sweet home Chicago<\/a><\/li>\n<li><a class=\"wp-block-latest-posts__post-title\" href=\"http:\/\/intern.lazy-sound-company.de\/?p=361\">20 Stand by me<\/a><\/li>\n<li><a class=\"wp-block-latest-posts__post-title\" href=\"http:\/\/intern.lazy-sound-company.de\/?p=1490\">21 I shot the sheriff<\/a><\/li>\n<li><a class=\"wp-block-latest-posts__post-title\" href=\"http:\/\/intern.lazy-sound-company.de\/?p=515\">22 To love somebody<\/a><\/li>\n<li><a class=\"wp-block-latest-posts__post-title\" href=\"http:\/\/intern.lazy-sound-company.de\/?p=1978\">23 You can leave your hat on<\/a><\/li>\n<li><a class=\"wp-block-latest-posts__post-title\" href=\"http:\/\/intern.lazy-sound-company.de\/?p=526\">24 Papa was a rolling stone<\/a><\/li>\n<li><a class=\"wp-block-latest-posts__post-title\" href=\"http:\/\/intern.lazy-sound-company.de\/?p=2050\">25 Knocking on heavens door<\/a><\/li>\n<li><a class=\"wp-block-latest-posts__post-title\" href=\"http:\/\/intern.lazy-sound-company.de\/?p=334\">26 Blue suede shoes<\/a><\/li>\n<li><a class=\"wp-block-latest-posts__post-title\" href=\"http:\/\/intern.lazy-sound-company.de\/?p=2724\">27 I need a dollar<\/a><\/li>\n<li><a class=\"wp-block-latest-posts__post-title\" href=\"http:\/\/intern.lazy-sound-company.de\/?p=2726\">28 Get down on it<\/a><\/li>\n<li><a class=\"wp-block-latest-posts__post-title\" href=\"http:\/\/intern.lazy-sound-company.de\/?p=2769\">29 Don&#8217;t look any further<\/a><\/li>\n<li><a class=\"wp-block-latest-posts__post-title\" href=\"http:\/\/intern.lazy-sound-company.de\/?p=2824\">30 Moves like jagger<\/a><\/li>\n<li><a class=\"wp-block-latest-posts__post-title\" href=\"http:\/\/intern.lazy-sound-company.de\/?p=2826\">31 Careless Whisper<\/a><\/li>\n<li><a class=\"wp-block-latest-posts__post-title\" href=\"http:\/\/intern.lazy-sound-company.de\/?p=2828\">32 What you wont do for love<\/a><\/li>\n<li><a class=\"wp-block-latest-posts__post-title\" href=\"http:\/\/intern.lazy-sound-company.de\/?p=604\">55 Purple rain<\/a><\/li>\n<li><a class=\"wp-block-latest-posts__post-title\" href=\"http:\/\/intern.lazy-sound-company.de\/?p=1407\">56 Mustang Sally<\/a><\/li>\n<\/ul><\/div>\n\n\n\n<div class=\"wp-block-group has-global-padding is-layout-constrained wp-block-group-is-layout-constrained\">\n<div class=\"wp-block-group has-global-padding is-layout-constrained wp-block-group-is-layout-constrained\">\n<div class=\"wp-block-group is-vertical is-layout-flex wp-container-core-group-is-layout-fe9cc265 wp-block-group-is-layout-flex\">\n<h2 class=\"wp-block-heading has-large-font-size\">Offene<\/h2>\n\n\n<ul class=\"wp-block-latest-posts__list has-link-color wp-elements-96c1af49c20cc2fbc11eccb3571e5ee6 wp-block-latest-posts has-text-color has-contrast-color\"><li><a class=\"wp-block-latest-posts__post-title\" href=\"http:\/\/intern.lazy-sound-company.de\/?p=2828\">32 What you wont do for love<\/a><\/li>\n<li><a class=\"wp-block-latest-posts__post-title\" href=\"http:\/\/intern.lazy-sound-company.de\/?p=2826\">31 Careless Whisper<\/a><\/li>\n<li><a class=\"wp-block-latest-posts__post-title\" href=\"http:\/\/intern.lazy-sound-company.de\/?p=2824\">30 Moves like jagger<\/a><\/li>\n<\/ul><\/div>\n<\/div>\n<\/div>\n","protected":false},"excerpt":{"rendered":"<p>Alle Songs Offene<\/p>\n","protected":false},"author":1,"featured_media":0,"parent":0,"menu_order":1,"comment_status":"closed","ping_status":"closed","template":"","meta":{"footnotes":""},"class_list":["post-278","page","type-page","status-publish","hentry"],"_links":{"self":[{"href":"http:\/\/intern.lazy-sound-company.de\/index.php?rest_route=\/wp\/v2\/pages\/278","targetHints":{"allow":["GET"]}}],"collection":[{"href":"http:\/\/intern.lazy-sound-company.de\/index.php?rest_route=\/wp\/v2\/pages"}],"about":[{"href":"http:\/\/intern.lazy-sound-company.de\/index.php?rest_route=\/wp\/v2\/types\/page"}],"author":[{"embeddable":true,"href":"http:\/\/intern.lazy-sound-company.de\/index.php?rest_route=\/wp\/v2\/users\/1"}],"replies":[{"embeddable":true,"href":"http:\/\/intern.lazy-sound-company.de\/index.php?rest_route=%2Fwp%2Fv2%2Fcomments&post=278"}],"version-history":[{"count":46,"href":"http:\/\/intern.lazy-sound-company.de\/index.php?rest_route=\/wp\/v2\/pages\/278\/revisions"}],"predecessor-version":[{"id":2939,"href":"http:\/\/intern.lazy-sound-company.de\/index.php?rest_route=\/wp\/v2\/pages\/278\/revisions\/2939"}],"wp:attachment":[{"href":"http:\/\/intern.lazy-sound-company.de\/index.php?rest_route=%2Fwp%2Fv2%2Fmedia&parent=278"}],"curies":[{"name":"wp","href":"https:\/\/api.w.org\/{rel}","templated":true}]}}